{"id":9840,"date":"2024-04-05T13:20:27","date_gmt":"2024-04-05T11:20:27","guid":{"rendered":"https:\/\/tsikane.es\/producto\/you-can-never-get-enough-of-nature-ii-ed-limitada\/"},"modified":"2024-04-05T13:20:27","modified_gmt":"2024-04-05T11:20:27","slug":"you-can-never-get-enough-of-nature-ii-ed-limitada","status":"publish","type":"product","link":"https:\/\/tsikane.es\/en\/producto\/you-can-never-get-enough-of-nature-ii-ed-limitada\/","title":{"rendered":"You can never get enough of Nature II (Ed. Limitada)"},"content":{"rendered":"<p style=\"text-align: center\">\n<p style=\"text-align: left\"><b>Material<\/b><\/p>\n<p style=\"text-align: left\"><span style=\"font-weight: 400\">Fine Art Print Paper<\/span><\/p>\n<p style=\"text-align: left\"><span style=\"font-weight: 400\">HAHNEM\u00dcHLE \u27bb MATT FIBRE 200\u00a0 GMS.<\/span><\/p>\n<p style=\"text-align: left\"><span style=\"font-weight: 400\">HAHNEM\u00dcHLE \u27bb PHOTO PEARL 310\u00a0 GMS.\u00a0<\/span><\/p>\n<p style=\"text-align: left\">\n","protected":false},"excerpt":{"rendered":"<p><b>&#8220;You Can Never Get Enough Of Nature II&#8221;<\/b><span style=\"font-weight: 400\"> es una de las cinco obras de <\/span><b>&#8220;G\u00c9NESIS&#8221;<\/b><span style=\"font-weight: 400\">, la colecci\u00f3n de <strong>edici\u00f3n limitada<\/strong> del artista <\/span><b>Makena Moagi<\/b><span style=\"font-weight: 400\"> para Tsikane.<\/span><\/p>\n<p><span style=\"font-weight: 400\">En esta segunda versi\u00f3n, Makena Moagi aporta un giro intrigante a la obra original, manteniendo la belleza de la naturaleza pero introduciendo una figura humana invertida con las piernas cruzadas en medio del entorno natural.<\/span><\/p>\n<p><span style=\"font-weight: 400\">Esta figura central se convierte en un punto focal, reflej\u00e1ndose armoniosamente en la flora y fauna circundante. El simbolismo de esta postura invita a reflexionar sobre la armon\u00eda e interconexi\u00f3n entre la humanidad y la naturaleza.<\/span><\/p>\n<p><span style=\"font-weight: 400\">La figura invertida transmite un mensaje de unidad e integraci\u00f3n, resaltando que los seres humanos son una parte esencial de la naturaleza, y que al sumergirnos en su belleza, encontramos consuelo, inspiraci\u00f3n y una comprensi\u00f3n m\u00e1s profunda de nuestro lugar en el mundo natural.<\/span><\/p>\n<p><b><i>Nota del artista: <\/i><\/b><span style=\"font-weight: 400\">S\u00e9 fuerte y entra en tu propio cuerpo. Ah\u00ed tienes un lugar. Reflexiona con cuidado y mantente firme en lo que eres, pues tus ra\u00edces m\u00e1s profundas est\u00e1n en tu propia naturaleza.<\/span><\/p>\n<hr \/>\n<p>&nbsp;<\/p>\n","protected":false},"featured_media":8865,"template":"","meta":[],"product_brand":[],"product_cat":[177,179],"product_tag":[169],"class_list":{"0":"post-9840","1":"product","2":"type-product","3":"status-publish","4":"has-post-thumbnail","6":"product_cat-illustrations","7":"product_cat-makena-moagi-en","8":"product_tag-makena-moagi-en","10":"first","11":"instock","12":"taxable","13":"shipping-taxable","14":"purchasable","15":"product-type-variable","16":"rtwpvs-product"},"yoast_head":"<!-- This site is optimized with the Yoast SEO plugin v27.6 - https:\/\/yoast.com\/product\/yoast-seo-wordpress\/ -->\n<title>You can never get enough of Nature II (Ed. Limitada) - TSIKANE<\/title>\n<meta name=\"robots\" content=\"index, follow, max-snippet:-1, max-image-preview:large, max-video-preview:-1\" \/>\n<link rel=\"canonical\" href=\"https:\/\/tsikane.es\/producto\/you-can-never-get-enough-of-nature-2nd-edit-limited-edition\/\" \/>\n<meta property=\"og:locale\" content=\"en_US\" \/>\n<meta property=\"og:type\" content=\"article\" \/>\n<meta property=\"og:title\" content=\"You can never get enough of Nature II (Ed. Limitada) - TSIKANE\" \/>\n<meta property=\"og:description\" content=\"&quot;You Can Never Get Enough Of Nature II&quot; es una de las cinco obras de &quot;G\u00c9NESIS&quot;, la colecci\u00f3n de edici\u00f3n limitada del artista Makena Moagi para Tsikane. En esta segunda versi\u00f3n, Makena Moagi aporta un giro intrigante a la obra original, manteniendo la belleza de la naturaleza pero introduciendo una figura humana invertida con las piernas cruzadas en medio del entorno natural. Esta figura central se convierte en un punto focal, reflej\u00e1ndose armoniosamente en la flora y fauna circundante. El simbolismo de esta postura invita a reflexionar sobre la armon\u00eda e interconexi\u00f3n entre la humanidad y la naturaleza. La figura invertida transmite un mensaje de unidad e integraci\u00f3n, resaltando que los seres humanos son una parte esencial de la naturaleza, y que al sumergirnos en su belleza, encontramos consuelo, inspiraci\u00f3n y una comprensi\u00f3n m\u00e1s profunda de nuestro lugar en el mundo natural. Nota del artista: S\u00e9 fuerte y entra en tu propio cuerpo. Ah\u00ed tienes un lugar. Reflexiona con cuidado y mantente firme en lo que eres, pues tus ra\u00edces m\u00e1s profundas est\u00e1n en tu propia naturaleza.  &nbsp;\" \/>\n<meta property=\"og:url\" content=\"https:\/\/tsikane.es\/producto\/you-can-never-get-enough-of-nature-2nd-edit-limited-edition\/\" \/>\n<meta property=\"og:site_name\" content=\"TSIKANE\" \/>\n<meta property=\"article:publisher\" content=\"https:\/\/www.facebook.com\/profile.php?id=100093953170691\" \/>\n<meta property=\"og:image\" content=\"https:\/\/tsikane.es\/wp-content\/uploads\/2024\/08\/icngeon-scaled-1.webp\" \/>\n\t<meta property=\"og:image:width\" content=\"1811\" \/>\n\t<meta property=\"og:image:height\" content=\"2560\" \/>\n\t<meta property=\"og:image:type\" content=\"image\/webp\" \/>\n<meta name=\"twitter:card\" content=\"summary_large_image\" \/>\n<script type=\"application\/ld+json\" class=\"yoast-schema-graph\">{\"@context\":\"https:\\\/\\\/schema.org\",\"@graph\":[{\"@type\":\"WebPage\",\"@id\":\"https:\\\/\\\/tsikane.es\\\/producto\\\/you-can-never-get-enough-of-nature-2nd-edit-limited-edition\\\/\",\"url\":\"https:\\\/\\\/tsikane.es\\\/producto\\\/you-can-never-get-enough-of-nature-2nd-edit-limited-edition\\\/\",\"name\":\"You can never get enough of Nature II (Ed. Limitada) - TSIKANE\",\"isPartOf\":{\"@id\":\"https:\\\/\\\/tsikane.es\\\/#website\"},\"primaryImageOfPage\":{\"@id\":\"https:\\\/\\\/tsikane.es\\\/producto\\\/you-can-never-get-enough-of-nature-2nd-edit-limited-edition\\\/#primaryimage\"},\"image\":{\"@id\":\"https:\\\/\\\/tsikane.es\\\/producto\\\/you-can-never-get-enough-of-nature-2nd-edit-limited-edition\\\/#primaryimage\"},\"thumbnailUrl\":\"https:\\\/\\\/tsikane.es\\\/wp-content\\\/uploads\\\/2024\\\/08\\\/icngeon-scaled-1.webp\",\"datePublished\":\"2024-04-05T11:20:27+00:00\",\"breadcrumb\":{\"@id\":\"https:\\\/\\\/tsikane.es\\\/producto\\\/you-can-never-get-enough-of-nature-2nd-edit-limited-edition\\\/#breadcrumb\"},\"inLanguage\":\"en-US\",\"potentialAction\":[{\"@type\":\"ReadAction\",\"target\":[\"https:\\\/\\\/tsikane.es\\\/producto\\\/you-can-never-get-enough-of-nature-2nd-edit-limited-edition\\\/\"]}]},{\"@type\":\"ImageObject\",\"inLanguage\":\"en-US\",\"@id\":\"https:\\\/\\\/tsikane.es\\\/producto\\\/you-can-never-get-enough-of-nature-2nd-edit-limited-edition\\\/#primaryimage\",\"url\":\"https:\\\/\\\/tsikane.es\\\/wp-content\\\/uploads\\\/2024\\\/08\\\/icngeon-scaled-1.webp\",\"contentUrl\":\"https:\\\/\\\/tsikane.es\\\/wp-content\\\/uploads\\\/2024\\\/08\\\/icngeon-scaled-1.webp\",\"width\":1811,\"height\":2560},{\"@type\":\"BreadcrumbList\",\"@id\":\"https:\\\/\\\/tsikane.es\\\/producto\\\/you-can-never-get-enough-of-nature-2nd-edit-limited-edition\\\/#breadcrumb\",\"itemListElement\":[{\"@type\":\"ListItem\",\"position\":1,\"name\":\"Portada\",\"item\":\"https:\\\/\\\/tsikane.es\\\/en\\\/\"},{\"@type\":\"ListItem\",\"position\":2,\"name\":\"Shop\",\"item\":\"https:\\\/\\\/tsikane.es\\\/en\\\/shop\\\/\"},{\"@type\":\"ListItem\",\"position\":3,\"name\":\"You can never get enough of Nature II (Ed. Limitada)\"}]},{\"@type\":\"WebSite\",\"@id\":\"https:\\\/\\\/tsikane.es\\\/#website\",\"url\":\"https:\\\/\\\/tsikane.es\\\/\",\"name\":\"TSIKANE\",\"description\":\"AFRICAN DECOR\",\"publisher\":{\"@id\":\"https:\\\/\\\/tsikane.es\\\/#organization\"},\"potentialAction\":[{\"@type\":\"SearchAction\",\"target\":{\"@type\":\"EntryPoint\",\"urlTemplate\":\"https:\\\/\\\/tsikane.es\\\/?s={search_term_string}\"},\"query-input\":{\"@type\":\"PropertyValueSpecification\",\"valueRequired\":true,\"valueName\":\"search_term_string\"}}],\"inLanguage\":\"en-US\"},{\"@type\":\"Organization\",\"@id\":\"https:\\\/\\\/tsikane.es\\\/#organization\",\"name\":\"TSIKANE\",\"url\":\"https:\\\/\\\/tsikane.es\\\/\",\"logo\":{\"@type\":\"ImageObject\",\"inLanguage\":\"en-US\",\"@id\":\"https:\\\/\\\/tsikane.es\\\/#\\\/schema\\\/logo\\\/image\\\/\",\"url\":\"https:\\\/\\\/tsikane.es\\\/wp-content\\\/uploads\\\/2020\\\/10\\\/favicon-n.png\",\"contentUrl\":\"https:\\\/\\\/tsikane.es\\\/wp-content\\\/uploads\\\/2020\\\/10\\\/favicon-n.png\",\"width\":512,\"height\":512,\"caption\":\"TSIKANE\"},\"image\":{\"@id\":\"https:\\\/\\\/tsikane.es\\\/#\\\/schema\\\/logo\\\/image\\\/\"},\"sameAs\":[\"https:\\\/\\\/www.facebook.com\\\/profile.php?id=100093953170691\",\"https:\\\/\\\/www.instagram.com\\\/tsikane_africa\"]}]}<\/script>\n<!-- \/ Yoast SEO plugin. -->","yoast_head_json":{"title":"You can never get enough of Nature II (Ed. Limitada) - TSIKANE","robots":{"index":"index","follow":"follow","max-snippet":"max-snippet:-1","max-image-preview":"max-image-preview:large","max-video-preview":"max-video-preview:-1"},"canonical":"https:\/\/tsikane.es\/producto\/you-can-never-get-enough-of-nature-2nd-edit-limited-edition\/","og_locale":"en_US","og_type":"article","og_title":"You can never get enough of Nature II (Ed. Limitada) - TSIKANE","og_description":"\"You Can Never Get Enough Of Nature II\" es una de las cinco obras de \"G\u00c9NESIS\", la colecci\u00f3n de edici\u00f3n limitada del artista Makena Moagi para Tsikane. En esta segunda versi\u00f3n, Makena Moagi aporta un giro intrigante a la obra original, manteniendo la belleza de la naturaleza pero introduciendo una figura humana invertida con las piernas cruzadas en medio del entorno natural. Esta figura central se convierte en un punto focal, reflej\u00e1ndose armoniosamente en la flora y fauna circundante. El simbolismo de esta postura invita a reflexionar sobre la armon\u00eda e interconexi\u00f3n entre la humanidad y la naturaleza. La figura invertida transmite un mensaje de unidad e integraci\u00f3n, resaltando que los seres humanos son una parte esencial de la naturaleza, y que al sumergirnos en su belleza, encontramos consuelo, inspiraci\u00f3n y una comprensi\u00f3n m\u00e1s profunda de nuestro lugar en el mundo natural. Nota del artista: S\u00e9 fuerte y entra en tu propio cuerpo. Ah\u00ed tienes un lugar. Reflexiona con cuidado y mantente firme en lo que eres, pues tus ra\u00edces m\u00e1s profundas est\u00e1n en tu propia naturaleza.  &nbsp;","og_url":"https:\/\/tsikane.es\/producto\/you-can-never-get-enough-of-nature-2nd-edit-limited-edition\/","og_site_name":"TSIKANE","article_publisher":"https:\/\/www.facebook.com\/profile.php?id=100093953170691","og_image":[{"width":1811,"height":2560,"url":"https:\/\/tsikane.es\/wp-content\/uploads\/2024\/08\/icngeon-scaled-1.webp","type":"image\/webp"}],"twitter_card":"summary_large_image","schema":{"@context":"https:\/\/schema.org","@graph":[{"@type":"WebPage","@id":"https:\/\/tsikane.es\/producto\/you-can-never-get-enough-of-nature-2nd-edit-limited-edition\/","url":"https:\/\/tsikane.es\/producto\/you-can-never-get-enough-of-nature-2nd-edit-limited-edition\/","name":"You can never get enough of Nature II (Ed. Limitada) - TSIKANE","isPartOf":{"@id":"https:\/\/tsikane.es\/#website"},"primaryImageOfPage":{"@id":"https:\/\/tsikane.es\/producto\/you-can-never-get-enough-of-nature-2nd-edit-limited-edition\/#primaryimage"},"image":{"@id":"https:\/\/tsikane.es\/producto\/you-can-never-get-enough-of-nature-2nd-edit-limited-edition\/#primaryimage"},"thumbnailUrl":"https:\/\/tsikane.es\/wp-content\/uploads\/2024\/08\/icngeon-scaled-1.webp","datePublished":"2024-04-05T11:20:27+00:00","breadcrumb":{"@id":"https:\/\/tsikane.es\/producto\/you-can-never-get-enough-of-nature-2nd-edit-limited-edition\/#breadcrumb"},"inLanguage":"en-US","potentialAction":[{"@type":"ReadAction","target":["https:\/\/tsikane.es\/producto\/you-can-never-get-enough-of-nature-2nd-edit-limited-edition\/"]}]},{"@type":"ImageObject","inLanguage":"en-US","@id":"https:\/\/tsikane.es\/producto\/you-can-never-get-enough-of-nature-2nd-edit-limited-edition\/#primaryimage","url":"https:\/\/tsikane.es\/wp-content\/uploads\/2024\/08\/icngeon-scaled-1.webp","contentUrl":"https:\/\/tsikane.es\/wp-content\/uploads\/2024\/08\/icngeon-scaled-1.webp","width":1811,"height":2560},{"@type":"BreadcrumbList","@id":"https:\/\/tsikane.es\/producto\/you-can-never-get-enough-of-nature-2nd-edit-limited-edition\/#breadcrumb","itemListElement":[{"@type":"ListItem","position":1,"name":"Portada","item":"https:\/\/tsikane.es\/en\/"},{"@type":"ListItem","position":2,"name":"Shop","item":"https:\/\/tsikane.es\/en\/shop\/"},{"@type":"ListItem","position":3,"name":"You can never get enough of Nature II (Ed. Limitada)"}]},{"@type":"WebSite","@id":"https:\/\/tsikane.es\/#website","url":"https:\/\/tsikane.es\/","name":"TSIKANE","description":"AFRICAN DECOR","publisher":{"@id":"https:\/\/tsikane.es\/#organization"},"potentialAction":[{"@type":"SearchAction","target":{"@type":"EntryPoint","urlTemplate":"https:\/\/tsikane.es\/?s={search_term_string}"},"query-input":{"@type":"PropertyValueSpecification","valueRequired":true,"valueName":"search_term_string"}}],"inLanguage":"en-US"},{"@type":"Organization","@id":"https:\/\/tsikane.es\/#organization","name":"TSIKANE","url":"https:\/\/tsikane.es\/","logo":{"@type":"ImageObject","inLanguage":"en-US","@id":"https:\/\/tsikane.es\/#\/schema\/logo\/image\/","url":"https:\/\/tsikane.es\/wp-content\/uploads\/2020\/10\/favicon-n.png","contentUrl":"https:\/\/tsikane.es\/wp-content\/uploads\/2020\/10\/favicon-n.png","width":512,"height":512,"caption":"TSIKANE"},"image":{"@id":"https:\/\/tsikane.es\/#\/schema\/logo\/image\/"},"sameAs":["https:\/\/www.facebook.com\/profile.php?id=100093953170691","https:\/\/www.instagram.com\/tsikane_africa"]}]}},"_links":{"self":[{"href":"https:\/\/tsikane.es\/en\/wp-json\/wp\/v2\/product\/9840","targetHints":{"allow":["GET"]}}],"collection":[{"href":"https:\/\/tsikane.es\/en\/wp-json\/wp\/v2\/product"}],"about":[{"href":"https:\/\/tsikane.es\/en\/wp-json\/wp\/v2\/types\/product"}],"version-history":[{"count":0,"href":"https:\/\/tsikane.es\/en\/wp-json\/wp\/v2\/product\/9840\/revisions"}],"wp:featuredmedia":[{"embeddable":true,"href":"https:\/\/tsikane.es\/en\/wp-json\/wp\/v2\/media\/8865"}],"wp:attachment":[{"href":"https:\/\/tsikane.es\/en\/wp-json\/wp\/v2\/media?parent=9840"}],"wp:term":[{"taxonomy":"product_brand","embeddable":true,"href":"https:\/\/tsikane.es\/en\/wp-json\/wp\/v2\/product_brand?post=9840"},{"taxonomy":"product_cat","embeddable":true,"href":"https:\/\/tsikane.es\/en\/wp-json\/wp\/v2\/product_cat?post=9840"},{"taxonomy":"product_tag","embeddable":true,"href":"https:\/\/tsikane.es\/en\/wp-json\/wp\/v2\/product_tag?post=9840"}],"curies":[{"name":"wp","href":"https:\/\/api.w.org\/{rel}","templated":true}]}}