{"id":9831,"date":"2024-04-05T13:20:28","date_gmt":"2024-04-05T11:20:28","guid":{"rendered":"https:\/\/tsikane.es\/producto\/beauty-is-the-true-sadness-ed-limitada\/"},"modified":"2024-04-05T13:20:28","modified_gmt":"2024-04-05T11:20:28","slug":"beauty-is-the-true-sadness-ed-limitada","status":"publish","type":"product","link":"https:\/\/tsikane.es\/en\/producto\/beauty-is-the-true-sadness-ed-limitada\/","title":{"rendered":"Beauty is the True Sadness (Ed. Limitada)"},"content":{"rendered":"","protected":false},"excerpt":{"rendered":"<p><strong>\u201cBeauty is the True Sadness\u201d<\/strong>, one of the five digital artworks of \u2018GENESIS\u2019, the Limited Edition collection by artist Makena Moagi for Tsikane.<br \/>\n<strong>Artist&#8217;s description:<\/strong> \u201cUsing hair as armor is sometimes the best way to protect your beauty. Through pain we find strength and vast knowledge. Hold on to every strand of your African heritage; your path will always be clear.\u201d<\/p>\n<div class=\"group\/conversation-turn relative flex w-full min-w-0 flex-col agent-turn\">\n<div class=\"flex-col gap-1 md:gap-3\">\n<div class=\"flex max-w-full flex-col flex-grow\">\n<div class=\"min-h-[20px] text-message flex w-full flex-col items-end gap-2 whitespace-pre-wrap break-words [.text-message+&amp;]:mt-5 overflow-x-auto\" dir=\"auto\" data-message-author-role=\"assistant\" data-message-id=\"dba857a2-c4b9-4ca2-8d38-5a3fd20ac42c\">\n<div class=\"flex w-full flex-col gap-1 empty:hidden first:pt-[3px]\">\n<div class=\"markdown prose w-full break-words dark:prose-invert light\">\n<p><em><strong>Descripci\u00f3n de la artista:<\/strong><\/em> &#8220;Utilizar el cabello como armadura es a veces la mejor manera de proteger tu belleza. A trav\u00e9s del dolor encontramos fuerza y un vasto conocimiento. Af\u00e9rrate a cada hebra de tu herencia africana; tu camino siempre estar\u00e1 claro.&#8221;<\/p>\n<\/div>\n<\/div>\n<\/div>\n<\/div>\n<\/div>\n<\/div>\n","protected":false},"featured_media":8866,"template":"","meta":[],"product_brand":[],"product_cat":[177,179],"product_tag":[169],"class_list":{"0":"post-9831","1":"product","2":"type-product","3":"status-publish","4":"has-post-thumbnail","6":"product_cat-illustrations","7":"product_cat-makena-moagi-en","8":"product_tag-makena-moagi-en","10":"first","11":"instock","12":"taxable","13":"shipping-taxable","14":"purchasable","15":"product-type-variable","16":"rtwpvs-product"},"yoast_head":"<!-- This site is optimized with the Yoast SEO plugin v27.2 - https:\/\/yoast.com\/product\/yoast-seo-wordpress\/ -->\n<title>Beauty is the True Sadness (Ed. Limitada) - TSIKANE<\/title>\n<meta name=\"robots\" content=\"index, follow, max-snippet:-1, max-image-preview:large, max-video-preview:-1\" \/>\n<link rel=\"canonical\" href=\"https:\/\/tsikane.es\/en\/producto\/beauty-is-the-true-sadness-ed-limitada\/\" \/>\n<meta property=\"og:locale\" content=\"en_US\" \/>\n<meta property=\"og:type\" content=\"article\" \/>\n<meta property=\"og:title\" content=\"Beauty is the True Sadness (Ed. Limitada) - TSIKANE\" \/>\n<meta property=\"og:description\" content=\"\u201cBeauty is the True Sadness\u201d, one of the five digital artworks of \u2018GENESIS\u2019, the Limited Edition collection by artist Makena Moagi for Tsikane. Artist&#039;s description: \u201cUsing hair as armor is sometimes the best way to protect your beauty. Through pain we find strength and vast knowledge. Hold on to every strand of your African heritage; your path will always be clear.\u201d        Descripci\u00f3n de la artista: &quot;Utilizar el cabello como armadura es a veces la mejor manera de proteger tu belleza. A trav\u00e9s del dolor encontramos fuerza y un vasto conocimiento. Af\u00e9rrate a cada hebra de tu herencia africana; tu camino siempre estar\u00e1 claro.&quot;\" \/>\n<meta property=\"og:url\" content=\"https:\/\/tsikane.es\/en\/producto\/beauty-is-the-true-sadness-ed-limitada\/\" \/>\n<meta property=\"og:site_name\" content=\"TSIKANE\" \/>\n<meta property=\"article:publisher\" content=\"https:\/\/www.facebook.com\/profile.php?id=100093953170691\" \/>\n<meta property=\"og:image\" content=\"https:\/\/tsikane.es\/wp-content\/uploads\/2024\/08\/Beauty-of-tru-sadness-copy-scaled-1.webp\" \/>\n\t<meta property=\"og:image:width\" content=\"1808\" \/>\n\t<meta property=\"og:image:height\" content=\"2560\" \/>\n\t<meta property=\"og:image:type\" content=\"image\/webp\" \/>\n<meta name=\"twitter:card\" content=\"summary_large_image\" \/>\n<script type=\"application\/ld+json\" class=\"yoast-schema-graph\">{\"@context\":\"https:\/\/schema.org\",\"@graph\":[{\"@type\":\"WebPage\",\"@id\":\"https:\/\/tsikane.es\/en\/producto\/beauty-is-the-true-sadness-ed-limitada\/\",\"url\":\"https:\/\/tsikane.es\/en\/producto\/beauty-is-the-true-sadness-ed-limitada\/\",\"name\":\"Beauty is the True Sadness (Ed. Limitada) - TSIKANE\",\"isPartOf\":{\"@id\":\"https:\/\/tsikane.es\/#website\"},\"primaryImageOfPage\":{\"@id\":\"https:\/\/tsikane.es\/en\/producto\/beauty-is-the-true-sadness-ed-limitada\/#primaryimage\"},\"image\":{\"@id\":\"https:\/\/tsikane.es\/en\/producto\/beauty-is-the-true-sadness-ed-limitada\/#primaryimage\"},\"thumbnailUrl\":\"https:\/\/tsikane.es\/wp-content\/uploads\/2024\/08\/Beauty-of-tru-sadness-copy-scaled-1.webp\",\"datePublished\":\"2024-04-05T11:20:28+00:00\",\"breadcrumb\":{\"@id\":\"https:\/\/tsikane.es\/en\/producto\/beauty-is-the-true-sadness-ed-limitada\/#breadcrumb\"},\"inLanguage\":\"en-US\",\"potentialAction\":[{\"@type\":\"ReadAction\",\"target\":[\"https:\/\/tsikane.es\/en\/producto\/beauty-is-the-true-sadness-ed-limitada\/\"]}]},{\"@type\":\"ImageObject\",\"inLanguage\":\"en-US\",\"@id\":\"https:\/\/tsikane.es\/en\/producto\/beauty-is-the-true-sadness-ed-limitada\/#primaryimage\",\"url\":\"https:\/\/tsikane.es\/wp-content\/uploads\/2024\/08\/Beauty-of-tru-sadness-copy-scaled-1.webp\",\"contentUrl\":\"https:\/\/tsikane.es\/wp-content\/uploads\/2024\/08\/Beauty-of-tru-sadness-copy-scaled-1.webp\",\"width\":1808,\"height\":2560},{\"@type\":\"BreadcrumbList\",\"@id\":\"https:\/\/tsikane.es\/en\/producto\/beauty-is-the-true-sadness-ed-limitada\/#breadcrumb\",\"itemListElement\":[{\"@type\":\"ListItem\",\"position\":1,\"name\":\"Portada\",\"item\":\"https:\/\/tsikane.es\/en\/\"},{\"@type\":\"ListItem\",\"position\":2,\"name\":\"Shop\",\"item\":\"https:\/\/tsikane.es\/en\/shop\/\"},{\"@type\":\"ListItem\",\"position\":3,\"name\":\"Beauty is the True Sadness (Ed. Limitada)\"}]},{\"@type\":\"WebSite\",\"@id\":\"https:\/\/tsikane.es\/#website\",\"url\":\"https:\/\/tsikane.es\/\",\"name\":\"TSIKANE\",\"description\":\"AFRICAN DECOR\",\"publisher\":{\"@id\":\"https:\/\/tsikane.es\/#organization\"},\"potentialAction\":[{\"@type\":\"SearchAction\",\"target\":{\"@type\":\"EntryPoint\",\"urlTemplate\":\"https:\/\/tsikane.es\/?s={search_term_string}\"},\"query-input\":{\"@type\":\"PropertyValueSpecification\",\"valueRequired\":true,\"valueName\":\"search_term_string\"}}],\"inLanguage\":\"en-US\"},{\"@type\":\"Organization\",\"@id\":\"https:\/\/tsikane.es\/#organization\",\"name\":\"TSIKANE\",\"url\":\"https:\/\/tsikane.es\/\",\"logo\":{\"@type\":\"ImageObject\",\"inLanguage\":\"en-US\",\"@id\":\"https:\/\/tsikane.es\/#\/schema\/logo\/image\/\",\"url\":\"https:\/\/tsikane.es\/wp-content\/uploads\/2020\/10\/favicon-n.png\",\"contentUrl\":\"https:\/\/tsikane.es\/wp-content\/uploads\/2020\/10\/favicon-n.png\",\"width\":512,\"height\":512,\"caption\":\"TSIKANE\"},\"image\":{\"@id\":\"https:\/\/tsikane.es\/#\/schema\/logo\/image\/\"},\"sameAs\":[\"https:\/\/www.facebook.com\/profile.php?id=100093953170691\",\"https:\/\/www.instagram.com\/tsikane_africa\"]}]}<\/script>\n<!-- \/ Yoast SEO plugin. -->","yoast_head_json":{"title":"Beauty is the True Sadness (Ed. Limitada) - TSIKANE","robots":{"index":"index","follow":"follow","max-snippet":"max-snippet:-1","max-image-preview":"max-image-preview:large","max-video-preview":"max-video-preview:-1"},"canonical":"https:\/\/tsikane.es\/en\/producto\/beauty-is-the-true-sadness-ed-limitada\/","og_locale":"en_US","og_type":"article","og_title":"Beauty is the True Sadness (Ed. Limitada) - TSIKANE","og_description":"\u201cBeauty is the True Sadness\u201d, one of the five digital artworks of \u2018GENESIS\u2019, the Limited Edition collection by artist Makena Moagi for Tsikane. Artist's description: \u201cUsing hair as armor is sometimes the best way to protect your beauty. Through pain we find strength and vast knowledge. Hold on to every strand of your African heritage; your path will always be clear.\u201d        Descripci\u00f3n de la artista: \"Utilizar el cabello como armadura es a veces la mejor manera de proteger tu belleza. A trav\u00e9s del dolor encontramos fuerza y un vasto conocimiento. Af\u00e9rrate a cada hebra de tu herencia africana; tu camino siempre estar\u00e1 claro.\"","og_url":"https:\/\/tsikane.es\/en\/producto\/beauty-is-the-true-sadness-ed-limitada\/","og_site_name":"TSIKANE","article_publisher":"https:\/\/www.facebook.com\/profile.php?id=100093953170691","og_image":[{"width":1808,"height":2560,"url":"https:\/\/tsikane.es\/wp-content\/uploads\/2024\/08\/Beauty-of-tru-sadness-copy-scaled-1.webp","type":"image\/webp"}],"twitter_card":"summary_large_image","schema":{"@context":"https:\/\/schema.org","@graph":[{"@type":"WebPage","@id":"https:\/\/tsikane.es\/en\/producto\/beauty-is-the-true-sadness-ed-limitada\/","url":"https:\/\/tsikane.es\/en\/producto\/beauty-is-the-true-sadness-ed-limitada\/","name":"Beauty is the True Sadness (Ed. Limitada) - TSIKANE","isPartOf":{"@id":"https:\/\/tsikane.es\/#website"},"primaryImageOfPage":{"@id":"https:\/\/tsikane.es\/en\/producto\/beauty-is-the-true-sadness-ed-limitada\/#primaryimage"},"image":{"@id":"https:\/\/tsikane.es\/en\/producto\/beauty-is-the-true-sadness-ed-limitada\/#primaryimage"},"thumbnailUrl":"https:\/\/tsikane.es\/wp-content\/uploads\/2024\/08\/Beauty-of-tru-sadness-copy-scaled-1.webp","datePublished":"2024-04-05T11:20:28+00:00","breadcrumb":{"@id":"https:\/\/tsikane.es\/en\/producto\/beauty-is-the-true-sadness-ed-limitada\/#breadcrumb"},"inLanguage":"en-US","potentialAction":[{"@type":"ReadAction","target":["https:\/\/tsikane.es\/en\/producto\/beauty-is-the-true-sadness-ed-limitada\/"]}]},{"@type":"ImageObject","inLanguage":"en-US","@id":"https:\/\/tsikane.es\/en\/producto\/beauty-is-the-true-sadness-ed-limitada\/#primaryimage","url":"https:\/\/tsikane.es\/wp-content\/uploads\/2024\/08\/Beauty-of-tru-sadness-copy-scaled-1.webp","contentUrl":"https:\/\/tsikane.es\/wp-content\/uploads\/2024\/08\/Beauty-of-tru-sadness-copy-scaled-1.webp","width":1808,"height":2560},{"@type":"BreadcrumbList","@id":"https:\/\/tsikane.es\/en\/producto\/beauty-is-the-true-sadness-ed-limitada\/#breadcrumb","itemListElement":[{"@type":"ListItem","position":1,"name":"Portada","item":"https:\/\/tsikane.es\/en\/"},{"@type":"ListItem","position":2,"name":"Shop","item":"https:\/\/tsikane.es\/en\/shop\/"},{"@type":"ListItem","position":3,"name":"Beauty is the True Sadness (Ed. Limitada)"}]},{"@type":"WebSite","@id":"https:\/\/tsikane.es\/#website","url":"https:\/\/tsikane.es\/","name":"TSIKANE","description":"AFRICAN DECOR","publisher":{"@id":"https:\/\/tsikane.es\/#organization"},"potentialAction":[{"@type":"SearchAction","target":{"@type":"EntryPoint","urlTemplate":"https:\/\/tsikane.es\/?s={search_term_string}"},"query-input":{"@type":"PropertyValueSpecification","valueRequired":true,"valueName":"search_term_string"}}],"inLanguage":"en-US"},{"@type":"Organization","@id":"https:\/\/tsikane.es\/#organization","name":"TSIKANE","url":"https:\/\/tsikane.es\/","logo":{"@type":"ImageObject","inLanguage":"en-US","@id":"https:\/\/tsikane.es\/#\/schema\/logo\/image\/","url":"https:\/\/tsikane.es\/wp-content\/uploads\/2020\/10\/favicon-n.png","contentUrl":"https:\/\/tsikane.es\/wp-content\/uploads\/2020\/10\/favicon-n.png","width":512,"height":512,"caption":"TSIKANE"},"image":{"@id":"https:\/\/tsikane.es\/#\/schema\/logo\/image\/"},"sameAs":["https:\/\/www.facebook.com\/profile.php?id=100093953170691","https:\/\/www.instagram.com\/tsikane_africa"]}]}},"_links":{"self":[{"href":"https:\/\/tsikane.es\/en\/wp-json\/wp\/v2\/product\/9831","targetHints":{"allow":["GET"]}}],"collection":[{"href":"https:\/\/tsikane.es\/en\/wp-json\/wp\/v2\/product"}],"about":[{"href":"https:\/\/tsikane.es\/en\/wp-json\/wp\/v2\/types\/product"}],"version-history":[{"count":0,"href":"https:\/\/tsikane.es\/en\/wp-json\/wp\/v2\/product\/9831\/revisions"}],"wp:featuredmedia":[{"embeddable":true,"href":"https:\/\/tsikane.es\/en\/wp-json\/wp\/v2\/media\/8866"}],"wp:attachment":[{"href":"https:\/\/tsikane.es\/en\/wp-json\/wp\/v2\/media?parent=9831"}],"wp:term":[{"taxonomy":"product_brand","embeddable":true,"href":"https:\/\/tsikane.es\/en\/wp-json\/wp\/v2\/product_brand?post=9831"},{"taxonomy":"product_cat","embeddable":true,"href":"https:\/\/tsikane.es\/en\/wp-json\/wp\/v2\/product_cat?post=9831"},{"taxonomy":"product_tag","embeddable":true,"href":"https:\/\/tsikane.es\/en\/wp-json\/wp\/v2\/product_tag?post=9831"}],"curies":[{"name":"wp","href":"https:\/\/api.w.org\/{rel}","templated":true}]}}