{"id":9673,"date":"2024-07-09T23:38:11","date_gmt":"2024-07-09T21:38:11","guid":{"rendered":"https:\/\/tsikane.es\/producto\/mabontle\/"},"modified":"2024-09-11T20:04:24","modified_gmt":"2024-09-11T18:04:24","slug":"mabontle","status":"publish","type":"product","link":"https:\/\/tsikane.es\/en\/producto\/mabontle\/","title":{"rendered":"Mabontle"},"content":{"rendered":"<h3>Mabontle Collection by Karabo Mokaila<\/h3>\n<p><strong>Artist\u2019s Description:<\/strong><\/p>\n<p>Bontle is a Setswana language origin which means beauty but the word means more than the physical appearance but mostly everything good. When you look at history not every new and exciting thing begin on a civilization. Human beings create advanced new designs\/technologies out of their own experiences. They don\u2019t have to live in this kind of society of that kind of society.<\/p>\n<p>The elements on the design are actually separate parts of three print designs (zebra, sea shell and doodle line work patterns) super-positioned together and mirror imaged depicting a modern inspired African traditional mask and emulating\u00a0 the counterproductive conversations we have as people about being true to one self by wearing your own mask. The design was international but, was not anticipated. It shows that with African design your given space and context, and your soul will tell you how you need to behave and how you need to respond. You should never follow the crowd but be one with the crowd. That\u2019s why we do same things and yet get different results because; the idea of art in an Africa context is of unparalleled beauty.<\/p>\n<p><strong>Descubre la esencia de la belleza con nuestra colecci\u00f3n &#8220;Mabontle&#8221;<\/strong>: una fusi\u00f3n \u00fanica de elementos tradicionales y modernos que capturan la aut\u00e9ntica belleza africana en cada pieza. Perfecta para quienes buscan una decoraci\u00f3n que inspire y celebre la verdadera esencia del ser.<\/p>\n","protected":false},"excerpt":{"rendered":"<p><strong>Set of 4 placemats (40x30cm)<\/strong><\/p>\n<p>Our foamed <strong>vinyl placemats<\/strong> are the perfect choice to transform any table, whether in a restaurant or in your home. With 100% South African designs, they will catch the eye of your guests. Combining the durability and practicality of vinyl with a 2.6mm thick foam layer ensures a durable and comfortable surface. They are hypoallergenic, perfect for homes with children and pets, and offer high resistance to water and fire, giving you security and peace of mind. In addition, their stain-resistant and washable material makes them easy to maintain, allowing you to enjoy an impeccable table without effort.<\/p>\n<p>Savor a stylish, magazine-ready table, worry-free and without giving up on design!<\/p>\n<p><strong>Digital printed in Spain with environmentally friendly inks \u0399 Designed in South Africa<\/strong><\/p>\n<hr \/>\n<p>&nbsp;<\/p>\n","protected":false},"featured_media":9528,"template":"","meta":[],"product_brand":[],"product_cat":[174],"product_tag":[199],"class_list":{"0":"post-9673","1":"product","2":"type-product","3":"status-publish","4":"has-post-thumbnail","6":"product_cat-placemats","7":"product_tag-karabo-mokaila-en","9":"first","10":"instock","11":"taxable","12":"shipping-taxable","13":"purchasable","14":"product-type-variable","15":"rtwpvs-product"},"yoast_head":"<!-- This site is optimized with the Yoast SEO plugin v27.2 - https:\/\/yoast.com\/product\/yoast-seo-wordpress\/ -->\n<title>Mabontle - TSIKANE<\/title>\n<meta name=\"robots\" content=\"index, follow, max-snippet:-1, max-image-preview:large, max-video-preview:-1\" \/>\n<link rel=\"canonical\" href=\"https:\/\/tsikane.es\/en\/producto\/mabontle\/\" \/>\n<meta property=\"og:locale\" content=\"en_US\" \/>\n<meta property=\"og:type\" content=\"article\" \/>\n<meta property=\"og:title\" content=\"Mabontle - TSIKANE\" \/>\n<meta property=\"og:description\" content=\"Set of 4 placemats (40x30cm)  Our foamed vinyl placemats are the perfect choice to transform any table, whether in a restaurant or in your home. With 100% South African designs, they will catch the eye of your guests. Combining the durability and practicality of vinyl with a 2.6mm thick foam layer ensures a durable and comfortable surface. They are hypoallergenic, perfect for homes with children and pets, and offer high resistance to water and fire, giving you security and peace of mind. In addition, their stain-resistant and washable material makes them easy to maintain, allowing you to enjoy an impeccable table without effort.  Savor a stylish, magazine-ready table, worry-free and without giving up on design!  Digital printed in Spain with environmentally friendly inks \u0399 Designed in South Africa    &nbsp;\" \/>\n<meta property=\"og:url\" content=\"https:\/\/tsikane.es\/en\/producto\/mabontle\/\" \/>\n<meta property=\"og:site_name\" content=\"TSIKANE\" \/>\n<meta property=\"article:publisher\" content=\"https:\/\/www.facebook.com\/profile.php?id=100093953170691\" \/>\n<meta property=\"article:modified_time\" content=\"2024-09-11T18:04:24+00:00\" \/>\n<meta property=\"og:image\" content=\"https:\/\/tsikane.es\/wp-content\/uploads\/2024\/07\/MG_9447.webp\" \/>\n\t<meta property=\"og:image:width\" content=\"1200\" \/>\n\t<meta property=\"og:image:height\" content=\"1067\" \/>\n\t<meta property=\"og:image:type\" content=\"image\/webp\" \/>\n<meta name=\"twitter:card\" content=\"summary_large_image\" \/>\n<meta name=\"twitter:label1\" content=\"Est. reading time\" \/>\n\t<meta name=\"twitter:data1\" content=\"1 minute\" \/>\n<script type=\"application\/ld+json\" class=\"yoast-schema-graph\">{\"@context\":\"https:\/\/schema.org\",\"@graph\":[{\"@type\":\"WebPage\",\"@id\":\"https:\/\/tsikane.es\/en\/producto\/mabontle\/\",\"url\":\"https:\/\/tsikane.es\/en\/producto\/mabontle\/\",\"name\":\"Mabontle - TSIKANE\",\"isPartOf\":{\"@id\":\"https:\/\/tsikane.es\/#website\"},\"primaryImageOfPage\":{\"@id\":\"https:\/\/tsikane.es\/en\/producto\/mabontle\/#primaryimage\"},\"image\":{\"@id\":\"https:\/\/tsikane.es\/en\/producto\/mabontle\/#primaryimage\"},\"thumbnailUrl\":\"https:\/\/tsikane.es\/wp-content\/uploads\/2024\/07\/MG_9447.webp\",\"datePublished\":\"2024-07-09T21:38:11+00:00\",\"dateModified\":\"2024-09-11T18:04:24+00:00\",\"breadcrumb\":{\"@id\":\"https:\/\/tsikane.es\/en\/producto\/mabontle\/#breadcrumb\"},\"inLanguage\":\"en-US\",\"potentialAction\":[{\"@type\":\"ReadAction\",\"target\":[\"https:\/\/tsikane.es\/en\/producto\/mabontle\/\"]}]},{\"@type\":\"ImageObject\",\"inLanguage\":\"en-US\",\"@id\":\"https:\/\/tsikane.es\/en\/producto\/mabontle\/#primaryimage\",\"url\":\"https:\/\/tsikane.es\/wp-content\/uploads\/2024\/07\/MG_9447.webp\",\"contentUrl\":\"https:\/\/tsikane.es\/wp-content\/uploads\/2024\/07\/MG_9447.webp\",\"width\":1200,\"height\":1067},{\"@type\":\"BreadcrumbList\",\"@id\":\"https:\/\/tsikane.es\/en\/producto\/mabontle\/#breadcrumb\",\"itemListElement\":[{\"@type\":\"ListItem\",\"position\":1,\"name\":\"Portada\",\"item\":\"https:\/\/tsikane.es\/en\/\"},{\"@type\":\"ListItem\",\"position\":2,\"name\":\"Shop\",\"item\":\"https:\/\/tsikane.es\/en\/shop\/\"},{\"@type\":\"ListItem\",\"position\":3,\"name\":\"Mabontle\"}]},{\"@type\":\"WebSite\",\"@id\":\"https:\/\/tsikane.es\/#website\",\"url\":\"https:\/\/tsikane.es\/\",\"name\":\"TSIKANE\",\"description\":\"AFRICAN DECOR\",\"publisher\":{\"@id\":\"https:\/\/tsikane.es\/#organization\"},\"potentialAction\":[{\"@type\":\"SearchAction\",\"target\":{\"@type\":\"EntryPoint\",\"urlTemplate\":\"https:\/\/tsikane.es\/?s={search_term_string}\"},\"query-input\":{\"@type\":\"PropertyValueSpecification\",\"valueRequired\":true,\"valueName\":\"search_term_string\"}}],\"inLanguage\":\"en-US\"},{\"@type\":\"Organization\",\"@id\":\"https:\/\/tsikane.es\/#organization\",\"name\":\"TSIKANE\",\"url\":\"https:\/\/tsikane.es\/\",\"logo\":{\"@type\":\"ImageObject\",\"inLanguage\":\"en-US\",\"@id\":\"https:\/\/tsikane.es\/#\/schema\/logo\/image\/\",\"url\":\"https:\/\/tsikane.es\/wp-content\/uploads\/2020\/10\/favicon-n.png\",\"contentUrl\":\"https:\/\/tsikane.es\/wp-content\/uploads\/2020\/10\/favicon-n.png\",\"width\":512,\"height\":512,\"caption\":\"TSIKANE\"},\"image\":{\"@id\":\"https:\/\/tsikane.es\/#\/schema\/logo\/image\/\"},\"sameAs\":[\"https:\/\/www.facebook.com\/profile.php?id=100093953170691\",\"https:\/\/www.instagram.com\/tsikane_africa\"]}]}<\/script>\n<!-- \/ Yoast SEO plugin. -->","yoast_head_json":{"title":"Mabontle - TSIKANE","robots":{"index":"index","follow":"follow","max-snippet":"max-snippet:-1","max-image-preview":"max-image-preview:large","max-video-preview":"max-video-preview:-1"},"canonical":"https:\/\/tsikane.es\/en\/producto\/mabontle\/","og_locale":"en_US","og_type":"article","og_title":"Mabontle - TSIKANE","og_description":"Set of 4 placemats (40x30cm)  Our foamed vinyl placemats are the perfect choice to transform any table, whether in a restaurant or in your home. With 100% South African designs, they will catch the eye of your guests. Combining the durability and practicality of vinyl with a 2.6mm thick foam layer ensures a durable and comfortable surface. They are hypoallergenic, perfect for homes with children and pets, and offer high resistance to water and fire, giving you security and peace of mind. In addition, their stain-resistant and washable material makes them easy to maintain, allowing you to enjoy an impeccable table without effort.  Savor a stylish, magazine-ready table, worry-free and without giving up on design!  Digital printed in Spain with environmentally friendly inks \u0399 Designed in South Africa    &nbsp;","og_url":"https:\/\/tsikane.es\/en\/producto\/mabontle\/","og_site_name":"TSIKANE","article_publisher":"https:\/\/www.facebook.com\/profile.php?id=100093953170691","article_modified_time":"2024-09-11T18:04:24+00:00","og_image":[{"width":1200,"height":1067,"url":"https:\/\/tsikane.es\/wp-content\/uploads\/2024\/07\/MG_9447.webp","type":"image\/webp"}],"twitter_card":"summary_large_image","twitter_misc":{"Est. reading time":"1 minute"},"schema":{"@context":"https:\/\/schema.org","@graph":[{"@type":"WebPage","@id":"https:\/\/tsikane.es\/en\/producto\/mabontle\/","url":"https:\/\/tsikane.es\/en\/producto\/mabontle\/","name":"Mabontle - TSIKANE","isPartOf":{"@id":"https:\/\/tsikane.es\/#website"},"primaryImageOfPage":{"@id":"https:\/\/tsikane.es\/en\/producto\/mabontle\/#primaryimage"},"image":{"@id":"https:\/\/tsikane.es\/en\/producto\/mabontle\/#primaryimage"},"thumbnailUrl":"https:\/\/tsikane.es\/wp-content\/uploads\/2024\/07\/MG_9447.webp","datePublished":"2024-07-09T21:38:11+00:00","dateModified":"2024-09-11T18:04:24+00:00","breadcrumb":{"@id":"https:\/\/tsikane.es\/en\/producto\/mabontle\/#breadcrumb"},"inLanguage":"en-US","potentialAction":[{"@type":"ReadAction","target":["https:\/\/tsikane.es\/en\/producto\/mabontle\/"]}]},{"@type":"ImageObject","inLanguage":"en-US","@id":"https:\/\/tsikane.es\/en\/producto\/mabontle\/#primaryimage","url":"https:\/\/tsikane.es\/wp-content\/uploads\/2024\/07\/MG_9447.webp","contentUrl":"https:\/\/tsikane.es\/wp-content\/uploads\/2024\/07\/MG_9447.webp","width":1200,"height":1067},{"@type":"BreadcrumbList","@id":"https:\/\/tsikane.es\/en\/producto\/mabontle\/#breadcrumb","itemListElement":[{"@type":"ListItem","position":1,"name":"Portada","item":"https:\/\/tsikane.es\/en\/"},{"@type":"ListItem","position":2,"name":"Shop","item":"https:\/\/tsikane.es\/en\/shop\/"},{"@type":"ListItem","position":3,"name":"Mabontle"}]},{"@type":"WebSite","@id":"https:\/\/tsikane.es\/#website","url":"https:\/\/tsikane.es\/","name":"TSIKANE","description":"AFRICAN DECOR","publisher":{"@id":"https:\/\/tsikane.es\/#organization"},"potentialAction":[{"@type":"SearchAction","target":{"@type":"EntryPoint","urlTemplate":"https:\/\/tsikane.es\/?s={search_term_string}"},"query-input":{"@type":"PropertyValueSpecification","valueRequired":true,"valueName":"search_term_string"}}],"inLanguage":"en-US"},{"@type":"Organization","@id":"https:\/\/tsikane.es\/#organization","name":"TSIKANE","url":"https:\/\/tsikane.es\/","logo":{"@type":"ImageObject","inLanguage":"en-US","@id":"https:\/\/tsikane.es\/#\/schema\/logo\/image\/","url":"https:\/\/tsikane.es\/wp-content\/uploads\/2020\/10\/favicon-n.png","contentUrl":"https:\/\/tsikane.es\/wp-content\/uploads\/2020\/10\/favicon-n.png","width":512,"height":512,"caption":"TSIKANE"},"image":{"@id":"https:\/\/tsikane.es\/#\/schema\/logo\/image\/"},"sameAs":["https:\/\/www.facebook.com\/profile.php?id=100093953170691","https:\/\/www.instagram.com\/tsikane_africa"]}]}},"_links":{"self":[{"href":"https:\/\/tsikane.es\/en\/wp-json\/wp\/v2\/product\/9673","targetHints":{"allow":["GET"]}}],"collection":[{"href":"https:\/\/tsikane.es\/en\/wp-json\/wp\/v2\/product"}],"about":[{"href":"https:\/\/tsikane.es\/en\/wp-json\/wp\/v2\/types\/product"}],"version-history":[{"count":1,"href":"https:\/\/tsikane.es\/en\/wp-json\/wp\/v2\/product\/9673\/revisions"}],"predecessor-version":[{"id":10194,"href":"https:\/\/tsikane.es\/en\/wp-json\/wp\/v2\/product\/9673\/revisions\/10194"}],"wp:featuredmedia":[{"embeddable":true,"href":"https:\/\/tsikane.es\/en\/wp-json\/wp\/v2\/media\/9528"}],"wp:attachment":[{"href":"https:\/\/tsikane.es\/en\/wp-json\/wp\/v2\/media?parent=9673"}],"wp:term":[{"taxonomy":"product_brand","embeddable":true,"href":"https:\/\/tsikane.es\/en\/wp-json\/wp\/v2\/product_brand?post=9673"},{"taxonomy":"product_cat","embeddable":true,"href":"https:\/\/tsikane.es\/en\/wp-json\/wp\/v2\/product_cat?post=9673"},{"taxonomy":"product_tag","embeddable":true,"href":"https:\/\/tsikane.es\/en\/wp-json\/wp\/v2\/product_tag?post=9673"}],"curies":[{"name":"wp","href":"https:\/\/api.w.org\/{rel}","templated":true}]}}